{"id":970,"date":"2023-02-14T08:50:13","date_gmt":"2023-02-14T07:50:13","guid":{"rendered":"https:\/\/lotuskomarom.hu\/kontakt\/"},"modified":"2025-03-07T09:40:41","modified_gmt":"2025-03-07T08:40:41","slug":"kontakt","status":"publish","type":"page","link":"https:\/\/lotuskomarom.hu\/sk\/kontakt\/","title":{"rendered":"Kontakt"},"content":{"rendered":"\t\t<div data-elementor-type=\"wp-page\" data-elementor-id=\"970\" class=\"elementor elementor-970 elementor-442\" data-elementor-post-type=\"page\">\n\t\t\t\t\t\t<section class=\"elementor-section elementor-top-section elementor-element elementor-element-3e58ca4b elementor-section-height-min-height elementor-section-boxed elementor-section-height-default elementor-section-items-middle\" data-id=\"3e58ca4b\" data-element_type=\"section\" data-settings=\"{&quot;background_background&quot;:&quot;slideshow&quot;,&quot;background_slideshow_gallery&quot;:[{&quot;id&quot;:1550,&quot;url&quot;:&quot;https:\\\/\\\/lotuskomarom.hu\\\/wp-content\\\/uploads\\\/2025\\\/03\\\/elerhetoseg-nagy-kep-1-scaled.jpg&quot;}],&quot;background_slideshow_loop&quot;:&quot;yes&quot;,&quot;background_slideshow_slide_duration&quot;:5000,&quot;background_slideshow_slide_transition&quot;:&quot;fade&quot;,&quot;background_slideshow_transition_duration&quot;:500}\">\n\t\t\t\t\t\t\t<div class=\"elementor-background-overlay\"><\/div>\n\t\t\t\t\t\t\t<div class=\"elementor-container elementor-column-gap-default\">\n\t\t\t\t\t<div class=\"elementor-column elementor-col-100 elementor-top-column elementor-element elementor-element-2bfa7719\" data-id=\"2bfa7719\" data-element_type=\"column\">\n\t\t\t<div class=\"elementor-widget-wrap elementor-element-populated\">\n\t\t\t\t\t\t<div class=\"elementor-element elementor-element-7709a1bf de_scroll_animation_no elementor-invisible elementor-widget elementor-widget-text-editor\" data-id=\"7709a1bf\" data-element_type=\"widget\" data-settings=\"{&quot;_animation&quot;:&quot;fadeIn&quot;}\" data-widget_type=\"text-editor.default\">\n\t\t\t\t<div class=\"elementor-widget-container\">\n\t\t\t\t\t\t\t<p>Lotus thai massage<\/p>\n\t\t\t\t\t\t<\/div>\n\t\t\t\t<\/div>\n\t\t\t\t<div class=\"elementor-element elementor-element-e8bad00 de_scroll_animation_no elementor-widget elementor-widget-heading\" data-id=\"e8bad00\" data-element_type=\"widget\" data-widget_type=\"heading.default\">\n\t\t\t\t<div class=\"elementor-widget-container\">\n\t\t\t<h1 class=\"elementor-heading-title elementor-size-default\">Na\u0161e kontakty<\/h1>\t\t<\/div>\n\t\t\t\t<\/div>\n\t\t\t\t<div class=\"elementor-element elementor-element-6f5f9ceb elementor-widget-divider--view-line de_scroll_animation_no elementor-invisible elementor-widget elementor-widget-divider\" data-id=\"6f5f9ceb\" data-element_type=\"widget\" data-settings=\"{&quot;_animation&quot;:&quot;fadeIn&quot;,&quot;_animation_delay&quot;:400}\" data-widget_type=\"divider.default\">\n\t\t\t\t<div class=\"elementor-widget-container\">\n\t\t\t\t\t<div class=\"elementor-divider\">\n\t\t\t<span class=\"elementor-divider-separator\">\n\t\t\t\t\t\t<\/span>\n\t\t<\/div>\n\t\t\t\t<\/div>\n\t\t\t\t<\/div>\n\t\t\t\t\t<\/div>\n\t\t<\/div>\n\t\t\t\t\t<\/div>\n\t\t<\/section>\n\t\t\t\t<section class=\"elementor-section elementor-top-section elementor-element elementor-element-692910c8 elementor-section-boxed elementor-section-height-default elementor-section-height-default\" data-id=\"692910c8\" data-element_type=\"section\" data-settings=\"{&quot;background_background&quot;:&quot;classic&quot;}\">\n\t\t\t\t\t\t<div class=\"elementor-container elementor-column-gap-default\">\n\t\t\t\t\t<div class=\"elementor-column elementor-col-33 elementor-top-column elementor-element elementor-element-5ff04e7 elementor-invisible\" data-id=\"5ff04e7\" data-element_type=\"column\" data-settings=\"{&quot;animation&quot;:&quot;fadeIn&quot;,&quot;animation_delay&quot;:200}\">\n\t\t\t<div class=\"elementor-widget-wrap elementor-element-populated\">\n\t\t\t\t\t\t<div class=\"elementor-element elementor-element-9e08b99 de_scroll_animation_no elementor-widget elementor-widget-image\" data-id=\"9e08b99\" data-element_type=\"widget\" data-widget_type=\"image.default\">\n\t\t\t\t<div class=\"elementor-widget-container\">\n\t\t\t\t\t\t\t\t\t\t\t\t\t<img fetchpriority=\"high\" decoding=\"async\" width=\"300\" height=\"200\" src=\"https:\/\/lotuskomarom.hu\/wp-content\/uploads\/2025\/03\/idopontfoglalas-300x200.jpg\" class=\"attachment-medium size-medium wp-image-1553\" alt=\"\" srcset=\"https:\/\/lotuskomarom.hu\/wp-content\/uploads\/2025\/03\/idopontfoglalas-300x200.jpg 300w, https:\/\/lotuskomarom.hu\/wp-content\/uploads\/2025\/03\/idopontfoglalas-1024x683.jpg 1024w, https:\/\/lotuskomarom.hu\/wp-content\/uploads\/2025\/03\/idopontfoglalas-768x512.jpg 768w, https:\/\/lotuskomarom.hu\/wp-content\/uploads\/2025\/03\/idopontfoglalas-1536x1024.jpg 1536w, https:\/\/lotuskomarom.hu\/wp-content\/uploads\/2025\/03\/idopontfoglalas-2048x1365.jpg 2048w\" sizes=\"(max-width: 300px) 100vw, 300px\" \/>\t\t\t\t\t\t\t\t\t\t\t\t\t<\/div>\n\t\t\t\t<\/div>\n\t\t\t\t<div class=\"elementor-element elementor-element-272b89c5 de_scroll_animation_no elementor-widget elementor-widget-icon-box\" data-id=\"272b89c5\" data-element_type=\"widget\" data-widget_type=\"icon-box.default\">\n\t\t\t\t<div class=\"elementor-widget-container\">\n\t\t\t\t\t<div class=\"elementor-icon-box-wrapper\">\n\n\t\t\t\n\t\t\t\t\t\t<div class=\"elementor-icon-box-content\">\n\n\t\t\t\t\t\t\t\t\t<h3 class=\"elementor-icon-box-title\">\n\t\t\t\t\t\t<span  >\n\t\t\t\t\t\t\tRezervova\u0165 term\u00edn:\t\t\t\t\t\t<\/span>\n\t\t\t\t\t<\/h3>\n\t\t\t\t\n\t\t\t\t\t\t\t\t\t<p class=\"elementor-icon-box-description\">\n\t\t\t\t\t\t<a href=\"tel:+36306054509\">+36 30 605 45 09<\/a>\t\t\t\t\t<\/p>\n\t\t\t\t\n\t\t\t<\/div>\n\t\t\t\n\t\t<\/div>\n\t\t\t\t<\/div>\n\t\t\t\t<\/div>\n\t\t\t\t\t<\/div>\n\t\t<\/div>\n\t\t\t\t<div class=\"elementor-column elementor-col-33 elementor-top-column elementor-element elementor-element-58b3f872 elementor-invisible\" data-id=\"58b3f872\" data-element_type=\"column\" data-settings=\"{&quot;animation&quot;:&quot;fadeIn&quot;}\">\n\t\t\t<div class=\"elementor-widget-wrap elementor-element-populated\">\n\t\t\t\t\t\t<div class=\"elementor-element elementor-element-c594d54 de_scroll_animation_no elementor-widget elementor-widget-image\" data-id=\"c594d54\" data-element_type=\"widget\" data-widget_type=\"image.default\">\n\t\t\t\t<div class=\"elementor-widget-container\">\n\t\t\t\t\t\t\t\t\t\t\t\t\t<img decoding=\"async\" width=\"300\" height=\"224\" src=\"https:\/\/lotuskomarom.hu\/wp-content\/uploads\/2023\/02\/lotus_masszazs_-17-300x224.jpg\" class=\"attachment-medium size-medium wp-image-753\" alt=\"\" srcset=\"https:\/\/lotuskomarom.hu\/wp-content\/uploads\/2023\/02\/lotus_masszazs_-17-300x224.jpg 300w, https:\/\/lotuskomarom.hu\/wp-content\/uploads\/2023\/02\/lotus_masszazs_-17-1024x764.jpg 1024w, https:\/\/lotuskomarom.hu\/wp-content\/uploads\/2023\/02\/lotus_masszazs_-17-768x573.jpg 768w, https:\/\/lotuskomarom.hu\/wp-content\/uploads\/2023\/02\/lotus_masszazs_-17.jpg 1072w\" sizes=\"(max-width: 300px) 100vw, 300px\" \/>\t\t\t\t\t\t\t\t\t\t\t\t\t<\/div>\n\t\t\t\t<\/div>\n\t\t\t\t<div class=\"elementor-element elementor-element-8cb809e de_scroll_animation_no elementor-widget elementor-widget-icon-box\" data-id=\"8cb809e\" data-element_type=\"widget\" data-widget_type=\"icon-box.default\">\n\t\t\t\t<div class=\"elementor-widget-container\">\n\t\t\t\t\t<div class=\"elementor-icon-box-wrapper\">\n\n\t\t\t\n\t\t\t\t\t\t<div class=\"elementor-icon-box-content\">\n\n\t\t\t\t\t\t\t\t\t<h3 class=\"elementor-icon-box-title\">\n\t\t\t\t\t\t<span  >\n\t\t\t\t\t\t\tNa\u0161a adresa:\t\t\t\t\t\t<\/span>\n\t\t\t\t\t<\/h3>\n\t\t\t\t\n\t\t\t\t\t\t\t\t\t<p class=\"elementor-icon-box-description\">\n\t\t\t\t\t\t2900 Kom\u00e1rom, Sport utca 23.<br> Ma\u010farsko\t\t\t\t\t<\/p>\n\t\t\t\t\n\t\t\t<\/div>\n\t\t\t\n\t\t<\/div>\n\t\t\t\t<\/div>\n\t\t\t\t<\/div>\n\t\t\t\t<div class=\"elementor-element elementor-element-aacbaa8 de_scroll_animation_no elementor-widget elementor-widget-elementskit-social-media\" data-id=\"aacbaa8\" data-element_type=\"widget\" data-widget_type=\"elementskit-social-media.default\">\n\t\t\t\t<div class=\"elementor-widget-container\">\n\t\t\t<div class=\"ekit-wid-con\" >\t\t\t <ul class=\"ekit_social_media\">\n\t\t\t\t\t\t\t\t\t\t\t\t\t\t<li class=\"elementor-repeater-item-4e37752\">\n\t\t\t\t\t    <a href=\"https:\/\/www.facebook.com\/LotusThaiMassageKomarom\" target=\"_blank\" aria-label=\"Facebook\" class=\"2\" rel=\"noopener\">\n\t\t\t\t\t\t\t\t\t\t\t\t\t\t\n\t\t\t\t\t\t\t<i aria-hidden=\"true\" class=\"icon icon-facebook-2\"><\/i>\t\t\t\t\t\t\t\t\t\n                                                                                    Facebook                                                                                <\/a>\n                    <\/li>\n                    \t\t\t\t\t\t\t<\/ul>\n\t\t<\/div>\t\t<\/div>\n\t\t\t\t<\/div>\n\t\t\t\t\t<\/div>\n\t\t<\/div>\n\t\t\t\t<div class=\"elementor-column elementor-col-33 elementor-top-column elementor-element elementor-element-5ff0c3c9 elementor-invisible\" data-id=\"5ff0c3c9\" data-element_type=\"column\" data-settings=\"{&quot;animation&quot;:&quot;fadeIn&quot;,&quot;animation_delay&quot;:400}\">\n\t\t\t<div class=\"elementor-widget-wrap elementor-element-populated\">\n\t\t\t\t\t\t<div class=\"elementor-element elementor-element-8ebbb90 de_scroll_animation_no elementor-widget elementor-widget-image\" data-id=\"8ebbb90\" data-element_type=\"widget\" data-widget_type=\"image.default\">\n\t\t\t\t<div class=\"elementor-widget-container\">\n\t\t\t\t\t\t\t\t\t\t\t\t\t<img decoding=\"async\" width=\"800\" height=\"534\" src=\"https:\/\/lotuskomarom.hu\/wp-content\/uploads\/2025\/03\/nyitvatartas-1-1024x683.jpg\" class=\"attachment-large size-large wp-image-1556\" alt=\"\" srcset=\"https:\/\/lotuskomarom.hu\/wp-content\/uploads\/2025\/03\/nyitvatartas-1-1024x683.jpg 1024w, https:\/\/lotuskomarom.hu\/wp-content\/uploads\/2025\/03\/nyitvatartas-1-300x200.jpg 300w, https:\/\/lotuskomarom.hu\/wp-content\/uploads\/2025\/03\/nyitvatartas-1-768x512.jpg 768w, https:\/\/lotuskomarom.hu\/wp-content\/uploads\/2025\/03\/nyitvatartas-1-1536x1024.jpg 1536w, https:\/\/lotuskomarom.hu\/wp-content\/uploads\/2025\/03\/nyitvatartas-1-2048x1365.jpg 2048w\" sizes=\"(max-width: 800px) 100vw, 800px\" \/>\t\t\t\t\t\t\t\t\t\t\t\t\t<\/div>\n\t\t\t\t<\/div>\n\t\t\t\t<div class=\"elementor-element elementor-element-54ed8ae7 de_scroll_animation_no elementor-widget elementor-widget-icon-box\" data-id=\"54ed8ae7\" data-element_type=\"widget\" data-widget_type=\"icon-box.default\">\n\t\t\t\t<div class=\"elementor-widget-container\">\n\t\t\t\t\t<div class=\"elementor-icon-box-wrapper\">\n\n\t\t\t\n\t\t\t\t\t\t<div class=\"elementor-icon-box-content\">\n\n\t\t\t\t\t\t\t\t\t<h3 class=\"elementor-icon-box-title\">\n\t\t\t\t\t\t<span  >\n\t\t\t\t\t\t\tOtv\u00e1racie hodiny:\t\t\t\t\t\t<\/span>\n\t\t\t\t\t<\/h3>\n\t\t\t\t\n\t\t\t\t\t\t\t\t\t<p class=\"elementor-icon-box-description\">\n\t\t\t\t\t\tOd pondelka do nedele: 10:00 - 21:00\t\t\t\t\t<\/p>\n\t\t\t\t\n\t\t\t<\/div>\n\t\t\t\n\t\t<\/div>\n\t\t\t\t<\/div>\n\t\t\t\t<\/div>\n\t\t\t\t\t<\/div>\n\t\t<\/div>\n\t\t\t\t\t<\/div>\n\t\t<\/section>\n\t\t\t\t<section class=\"elementor-section elementor-top-section elementor-element elementor-element-4bc2bd3 elementor-section-boxed elementor-section-height-default elementor-section-height-default elementor-invisible\" data-id=\"4bc2bd3\" data-element_type=\"section\" data-settings=\"{&quot;animation&quot;:&quot;fadeIn&quot;}\">\n\t\t\t\t\t\t<div class=\"elementor-container elementor-column-gap-default\">\n\t\t\t\t\t<div class=\"elementor-column elementor-col-100 elementor-top-column elementor-element elementor-element-5298cacd\" data-id=\"5298cacd\" data-element_type=\"column\">\n\t\t\t<div class=\"elementor-widget-wrap elementor-element-populated\">\n\t\t\t\t\t\t<div class=\"elementor-element elementor-element-95e4eae de_scroll_animation_no elementor-widget elementor-widget-html\" data-id=\"95e4eae\" data-element_type=\"widget\" data-widget_type=\"html.default\">\n\t\t\t\t<div class=\"elementor-widget-container\">\n\t\t\t<iframe src=\"https:\/\/www.google.com\/maps\/embed?pb=!1m18!1m12!1m3!1d5365.654212898282!2d18.11984329590602!3d47.74600921661837!2m3!1f0!2f0!3f0!3m2!1i1024!2i768!4f13.1!3m3!1m2!1s0x476bb2ad7d98f0d3%3A0xd03e38b2de876cc5!2sKom%C3%A1rom%2C%20Sport%20u.%2023%2C%202900%20Ma%C4%8Farsko!5e0!3m2!1ssk!2ssk!4v1676364628892!5m2!1ssk!2ssk\" width=\"600\" height=\"450\" style=\"border:0;\" allowfullscreen=\"\" loading=\"lazy\" referrerpolicy=\"no-referrer-when-downgrade\"><\/iframe>\t\t<\/div>\n\t\t\t\t<\/div>\n\t\t\t\t\t<\/div>\n\t\t<\/div>\n\t\t\t\t\t<\/div>\n\t\t<\/section>\n\t\t\t\t<\/div>\n\t\t","protected":false},"excerpt":{"rendered":"<p>Lotus thai massage Na\u0161e kontakty Rezervova\u0165 term\u00edn: +36 30 605 45 09 Na\u0161a adresa: 2900 Kom\u00e1rom, Sport utca 23. Ma\u010farsko Facebook Otv\u00e1racie hodiny: Od pondelka do nedele: 10:00 &#8211; 21:00<\/p>\n","protected":false},"author":2,"featured_media":0,"parent":0,"menu_order":0,"comment_status":"closed","ping_status":"closed","template":"","meta":{"rank_math_lock_modified_date":false,"footnotes":""},"class_list":["post-970","page","type-page","status-publish","hentry"],"_links":{"self":[{"href":"https:\/\/lotuskomarom.hu\/sk\/wp-json\/wp\/v2\/pages\/970","targetHints":{"allow":["GET"]}}],"collection":[{"href":"https:\/\/lotuskomarom.hu\/sk\/wp-json\/wp\/v2\/pages"}],"about":[{"href":"https:\/\/lotuskomarom.hu\/sk\/wp-json\/wp\/v2\/types\/page"}],"author":[{"embeddable":true,"href":"https:\/\/lotuskomarom.hu\/sk\/wp-json\/wp\/v2\/users\/2"}],"replies":[{"embeddable":true,"href":"https:\/\/lotuskomarom.hu\/sk\/wp-json\/wp\/v2\/comments?post=970"}],"version-history":[{"count":7,"href":"https:\/\/lotuskomarom.hu\/sk\/wp-json\/wp\/v2\/pages\/970\/revisions"}],"predecessor-version":[{"id":1599,"href":"https:\/\/lotuskomarom.hu\/sk\/wp-json\/wp\/v2\/pages\/970\/revisions\/1599"}],"wp:attachment":[{"href":"https:\/\/lotuskomarom.hu\/sk\/wp-json\/wp\/v2\/media?parent=970"}],"curies":[{"name":"wp","href":"https:\/\/api.w.org\/{rel}","templated":true}]}}